
{"id":2084,"date":"2020-08-24T09:56:35","date_gmt":"2020-08-24T09:56:35","guid":{"rendered":"https:\/\/berkomat.com\/?page_id=2084"},"modified":"2023-03-31T17:20:13","modified_gmt":"2023-03-31T15:20:13","slug":"aviso-legal","status":"publish","type":"page","link":"https:\/\/www.berkomat.com\/es\/aviso-legal\/","title":{"rendered":"Aviso Legal"},"content":{"rendered":"\t\t<div data-elementor-type=\"wp-page\" data-elementor-id=\"2084\" class=\"elementor elementor-2084\">\n\t\t\t\t\t\t<section class=\"elementor-section elementor-top-section elementor-element elementor-element-47eabc30 elementor-section-boxed elementor-section-height-default elementor-section-height-default\" data-id=\"47eabc30\" data-element_type=\"section\" data-e-type=\"section\">\n\t\t\t\t\t\t<div class=\"elementor-container elementor-column-gap-default\">\n\t\t\t\t\t<div class=\"elementor-column elementor-col-100 elementor-top-column elementor-element elementor-element-68e786df\" data-id=\"68e786df\" data-element_type=\"column\" data-e-type=\"column\">\n\t\t\t<div class=\"elementor-widget-wrap elementor-element-populated\">\n\t\t\t\t\t\t<div class=\"elementor-element elementor-element-75b7487a elementor-widget elementor-widget-text-editor\" data-id=\"75b7487a\" data-element_type=\"widget\" data-e-type=\"widget\" data-widget_type=\"text-editor.default\">\n\t\t\t\t<div class=\"elementor-widget-container\">\n\t\t\t\t\t\t\t\t\t<p><\/p>\n<h1 class=\"wp-block-heading\"><b style=\"font-size: 38px; background-color: transparent;\">Informaci\u00f3n legal<\/b><\/h1>\n<p>En cumplimiento de la normativa vigente le informamos que el dominio de internet www.berkomat.com es titularidad de Berkomat, S.L.U. (NIF: B20485157), con domicilio en P.I. Ugaldetxo, Calle Zuaznabar, 48, en 20180 Oiartzun (Gipuzkoa), tel\u00e9fono 943514854, correo electr\u00f3nico <a href=\"mailto:berkomat@berkomat.com\">berkomat@berkomat.com<\/a>, inscrita en el Registro Mercantil de Gipuzkoa, Tomo 1.427, Folio 151, Hoja SS-8458.<\/p>\n<p>Berkomat, S.L.U. (en adelante el \u201c<b>Responsable del Tratamiento<\/b>\u201d) tiene por objeto el comercio mayor interindustrial. El sitio web ubicado en www.berkomat.com (en adelante \u201c<b>el sitio web<\/b>\u201d) es propiedad de Berkomat, S.L.U. La persona que visita y utiliza este sitio web es usuaria del sitio web (en adelante \u201c<b>la persona usuaria<\/b>\u201d).<\/p>\n<p>Berkomat, S.L.U. act\u00faa como \u201c<b>Responsable del Tratamiento<\/b>\u201d en relaci\u00f3n con los tratamientos de datos personales (personas usuarias del sitio web, solicitantes de informaci\u00f3n, etc.) que se realizan a trav\u00e9s de este sitio web. No obstante, en aquellos casos en los que Berkomat, S.L.U. publique noticias y enlaces a sitios web o redes sociales externas, su funci\u00f3n es meramente informativa y los posibles tratamientos de datos personales que se puedan producir en relaci\u00f3n con los contenidos de noticias y enlaces y su utilizaci\u00f3n por parte de las personas usuarias no son titularidad de Berkomat, S.L.U.<\/p>\n<p>\u00a0<\/p>\n<p><b style=\"color: #163357; font-size: 32px;\">1. Finalidades<\/b><\/p>\n<p>Las finalidades principales del sitio web son dar a conocer los productos, servicios y actividades del Responsable del Tratamiento, proporcionar una herramienta de contacto, consulta y comunicaci\u00f3n con las personas interesadas y difundir las actividades e iniciativas en las que Berkomat, S.L.U. participa.<\/p>\n<h2>2.\u00a0<b>Condiciones Generales<\/b><\/h2>\n<p>La persona usuaria accede a este sitio web de forma voluntaria. El acceso a este sitio web tiene car\u00e1cter gratuito. La navegaci\u00f3n en este sitio web implica aceptar y conocer las advertencias legales, condiciones y t\u00e9rminos de uso, pol\u00edtica de privacidad y pol\u00edtica de cookies contenidos en \u00e9l. Si la persona usuaria no est\u00e1 de acuerdo con estas condiciones y no las acepta sin reserva, no podr\u00e1 hacer uso del sitio web.<\/p>\n<p>El acceso al sitio web, as\u00ed como el uso que pueda hacerse de la informaci\u00f3n y utilidades que contiene, son de la exclusiva responsabilidad de la persona usuaria, que se compromete a utilizarlo con respeto a la buena fe, al ordenamiento jur\u00eddico, de manera \u00e9tica y de acuerdo con sus finalidades. La persona usuaria no puede hacer un uso il\u00edcito de la informaci\u00f3n y utilidades contenidas en el sitio web, ni llevar a cabo acciones que puedan da\u00f1ar o alterar su contenido, funcionamiento, los sistemas inform\u00e1ticos del sitio web, de Berkomat, S.L.U. o de otras personas usuarias.<span class=\"Apple-converted-space\">\u00a0<\/span><\/p>\n<p>Queda prohibida la inclusi\u00f3n y comunicaci\u00f3n de contenidos, por parte de las personas usuarias, que sean falsos o inexactos y que induzcan o puedan inducir a error a Berkomat, S.L.U., las personas usuarias del sitio web o terceros. Queda prohibido el uso de datos personales de terceros sin su consentimiento previo y expreso, as\u00ed como el uso de datos identificativos de terceros con el \u00e1nimo de suplantar su identidad. La persona usuaria ser\u00e1 la \u00fanica responsable de los perjuicios que cause.<\/p>\n<p>El Responsable del Tratamiento realiza los m\u00e1ximos esfuerzos a su alcance para evitar errores en los contenidos y utilidades que se publican en el sitio web, reserv\u00e1ndose la facultad de poder modificarlos en cualquier momento. El Responsable del Tratamiento declina expresamente cualquier responsabilidad por error u omisi\u00f3n en los contenidos de este sitio web y de los da\u00f1os y perjuicios que puedan deberse a su falta de veracidad, exactitud o actualidad.<\/p>\n<p>El sitio web puede ofrecer enlaces a otros sitios web o facilitar su acceso mediante buscadores o herramientas similares. El Responsable del Tratamiento no asume ninguna responsabilidad en relaci\u00f3n con estos sitios enlazados, ni los resultados de las b\u00fasquedas, ya que no tiene control sobre ellos, su contenido, productos y servicios ofrecidos, etc. La finalidad de estos enlaces es informar de otras fuentes de informaci\u00f3n, por lo que la persona usuaria accede bajo su exclusiva responsabilidad al contenido y en las condiciones de uso que rijan en ellas. En el caso de enlaces a redes sociales, titularidad del Responsable del Tratamiento o de terceros, las mismas se regir\u00e1n por sus propias condiciones de uso.<\/p>\n<p>Berkomat, S.L.U. no se responsabilizar\u00e1 de ninguna consecuencia, da\u00f1o o perjuicio que pudieran derivarse del uso de este sitio web o de sus contenidos y utilidades, incluidos da\u00f1os inform\u00e1ticos y la introducci\u00f3n de virus o cualquier tipo de software malicioso. El Responsable del Tratamiento no garantiza la ausencia de virus ni de otros elementos da\u00f1inos en el sitio web, introducidos por terceras personas, que puedan producir alteraciones en los sistemas f\u00edsicos o l\u00f3gicos de las personas usuarias, pero utiliza los medios a su alcance para que esto no suceda.<\/p>\n<p>El Responsable del Tratamiento se reserva el derecho de modificar o borrar en cualquier momento, sin previo aviso o justificaci\u00f3n expresa, el dise\u00f1o, la configuraci\u00f3n y la informaci\u00f3n contenida en este sitio web, si as\u00ed lo estima oportuno y seg\u00fan su criterio. El Responsable del Tratamiento no se hace responsable de los perjuicios que estas modificaciones puedan causar. No obstante, utilizar\u00e1 los recursos que tenga a su alcance para informar a las personas usuarias de dichas modificaciones.<\/p>\n<h2><b><br \/><\/b><b>3. Propiedad intelectual e industrial<\/b><\/h2>\n<p>Los derechos de propiedad de este sitio web, de sus p\u00e1ginas, secciones, pantallas, la informaci\u00f3n y utilidades que contiene, su apariencia y dise\u00f1o, c\u00f3digo fuente, textos, fotograf\u00edas, im\u00e1genes, audios, v\u00eddeos, animaciones, sus productos y servicios, marcas, logotipos, lemas, etc. son propiedad del Responsable del Tratamiento, salvo que se especifique otra cosa.<\/p>\n<p>En ning\u00fan caso el acceso o navegaci\u00f3n en el sitio web implica renuncia, transmisi\u00f3n o licencia total o parcial de Berkomat, S.L.U. para uso personal o profesional a la persona usuaria sobre sus derechos de propiedad intelectual e industrial. Quedan prohibidas la reproducci\u00f3n, distribuci\u00f3n, comercializaci\u00f3n, comunicaci\u00f3n p\u00fablica, transformaci\u00f3n o cualquier otra actividad que se pueda realizar con los contenidos y utilidades de este sitio web, salvo autorizaci\u00f3n previa, expresa y por escrito por parte del Responsable del Tratamiento.<span class=\"Apple-converted-space\">\u00a0<\/span><\/p>\n<p>\u00a0<\/p>\n<p>La persona usuaria se compromete a no realizar ninguna acci\u00f3n que perjudique la titularidad del sitio web y sus contenidos. La utilizaci\u00f3n no autorizada de la informaci\u00f3n y utilidades contenidas en el sitio web, as\u00ed como los perjuicios ocasionados en los derechos de propiedad intelectual e industrial de Berkomat, S.L.U. o, en su caso, otros titulares, pueden dar lugar al ejercicio de las acciones que legalmente correspondan y, si procede, a las responsabilidades que de dicho ejercicio se deriven, incluyendo las de naturaleza econ\u00f3mica.<\/p>\n<h2><b><br \/><\/b><b>4. Vigencia y modificaciones<\/b><\/h2>\n<p>Berkomat, S.L.U. se reserva el derecho de modificar estas Condiciones de acuerdo con su criterio, bien con la finalidad de adecuarse a los cambios legislativos, bien con el fin de llevar a cabo otro tipo de actualizaciones o mejoras. Estas modificaciones ser\u00e1n v\u00e1lidas desde su publicaci\u00f3n en el sitio web. La relaci\u00f3n con las personas usuarias se regir\u00e1 por las normas previstas en el momento en que se accede al sitio web. Es por ello que Berkomat, S.L.U. le recomienda revisar estas Condiciones cada vez que se conecte al sitio web.<\/p>\n<h2><b><br \/>5. Jurisdicci\u00f3n<\/b><\/h2>\n<p>Las relaciones establecidas entre Berkomat, S.L.U. y la persona usuaria se regir\u00e1n por lo dispuesto en la normativa vigente acerca de la legislaci\u00f3n aplicable y la jurisdicci\u00f3n competente. No obstante, para los casos en los que la normativa prevea la posibilidad a las partes de someterse a un fuero, el Responsable del Tratamiento y la persona usuaria, con renuncia expresa a cualquier otro fuero que pudiera corresponderles, se someten a los Juzgados y Tribunales de Donostia San Sebasti\u00e1n (Gipuzkoa).<\/p>\n<p>Berkomat, S.L.U. perseguir\u00e1 el incumplimiento de las anteriores condiciones, as\u00ed como cualquier utilizaci\u00f3n indebida de los contenidos presentados en su sitio web ejerciendo todas las acciones civiles y penales que le puedan corresponder en Derecho, incluyendo las de naturaleza econ\u00f3mica.<\/p>\n<p><\/p>\t\t\t\t\t\t\t\t<\/div>\n\t\t\t\t<\/div>\n\t\t\t\t\t<\/div>\n\t\t<\/div>\n\t\t\t\t\t<\/div>\n\t\t<\/section>\n\t\t\t\t<\/div>\n\t\t","protected":false},"excerpt":{"rendered":"<p>Informaci\u00f3n legal En cumplimiento de la normativa vigente le informamos que el dominio de internet www.berkomat.com es titularidad de Berkomat, S.L.U. (NIF: B20485157), con domicilio en P.I. Ugaldetxo, Calle Zuaznabar, 48, en 20180 Oiartzun (Gipuzkoa), tel\u00e9fono 943514854, correo electr\u00f3nico berkomat@berkomat.com, inscrita en el Registro Mercantil de Gipuzkoa, Tomo 1.427, Folio 151, Hoja SS-8458. Berkomat, S.L.U.<\/p>\n","protected":false},"author":2,"featured_media":0,"parent":0,"menu_order":0,"comment_status":"closed","ping_status":"open","template":"","meta":{"footnotes":""},"class_list":["post-2084","page","type-page","status-publish","hentry"],"yoast_head":"<!-- This site is optimized with the Yoast SEO plugin v27.4 - https:\/\/yoast.com\/product\/yoast-seo-wordpress\/ -->\n<title>Aviso Legal - Berkomat<\/title>\n<meta name=\"robots\" content=\"index, follow, max-snippet:-1, max-image-preview:large, max-video-preview:-1\" \/>\n<link rel=\"canonical\" href=\"https:\/\/www.berkomat.com\/es\/aviso-legal\/\" \/>\n<meta property=\"og:locale\" content=\"es_ES\" \/>\n<meta property=\"og:type\" content=\"article\" \/>\n<meta property=\"og:title\" content=\"Aviso Legal - Berkomat\" \/>\n<meta property=\"og:description\" content=\"Informaci\u00f3n legal En cumplimiento de la normativa vigente le informamos que el dominio de internet www.berkomat.com es titularidad de Berkomat, S.L.U. (NIF: B20485157), con domicilio en P.I. Ugaldetxo, Calle Zuaznabar, 48, en 20180 Oiartzun (Gipuzkoa), tel\u00e9fono 943514854, correo electr\u00f3nico berkomat@berkomat.com, inscrita en el Registro Mercantil de Gipuzkoa, Tomo 1.427, Folio 151, Hoja SS-8458. Berkomat, S.L.U.\" \/>\n<meta property=\"og:url\" content=\"https:\/\/www.berkomat.com\/es\/aviso-legal\/\" \/>\n<meta property=\"og:site_name\" content=\"Berkomat\" \/>\n<meta property=\"article:modified_time\" content=\"2023-03-31T15:20:13+00:00\" \/>\n<meta name=\"twitter:card\" content=\"summary_large_image\" \/>\n<meta name=\"twitter:label1\" content=\"Tiempo de lectura\" \/>\n\t<meta name=\"twitter:data1\" content=\"6 minutos\" \/>\n<script type=\"application\/ld+json\" class=\"yoast-schema-graph\">{\"@context\":\"https:\\\/\\\/schema.org\",\"@graph\":[{\"@type\":\"WebPage\",\"@id\":\"https:\\\/\\\/www.berkomat.com\\\/es\\\/aviso-legal\\\/\",\"url\":\"https:\\\/\\\/www.berkomat.com\\\/es\\\/aviso-legal\\\/\",\"name\":\"Aviso Legal - Berkomat\",\"isPartOf\":{\"@id\":\"https:\\\/\\\/www.berkomat.com\\\/es\\\/#website\"},\"datePublished\":\"2020-08-24T09:56:35+00:00\",\"dateModified\":\"2023-03-31T15:20:13+00:00\",\"breadcrumb\":{\"@id\":\"https:\\\/\\\/www.berkomat.com\\\/es\\\/aviso-legal\\\/#breadcrumb\"},\"inLanguage\":\"es\",\"potentialAction\":[{\"@type\":\"ReadAction\",\"target\":[\"https:\\\/\\\/www.berkomat.com\\\/es\\\/aviso-legal\\\/\"]}]},{\"@type\":\"BreadcrumbList\",\"@id\":\"https:\\\/\\\/www.berkomat.com\\\/es\\\/aviso-legal\\\/#breadcrumb\",\"itemListElement\":[{\"@type\":\"ListItem\",\"position\":1,\"name\":\"Portada\",\"item\":\"https:\\\/\\\/www.berkomat.com\\\/es\\\/\"},{\"@type\":\"ListItem\",\"position\":2,\"name\":\"Aviso Legal\"}]},{\"@type\":\"WebSite\",\"@id\":\"https:\\\/\\\/www.berkomat.com\\\/es\\\/#website\",\"url\":\"https:\\\/\\\/www.berkomat.com\\\/es\\\/\",\"name\":\"Berkomat\",\"description\":\"Componentes para la industria\",\"potentialAction\":[{\"@type\":\"SearchAction\",\"target\":{\"@type\":\"EntryPoint\",\"urlTemplate\":\"https:\\\/\\\/www.berkomat.com\\\/es\\\/?s={search_term_string}\"},\"query-input\":{\"@type\":\"PropertyValueSpecification\",\"valueRequired\":true,\"valueName\":\"search_term_string\"}}],\"inLanguage\":\"es\"}]}<\/script>\n<!-- \/ Yoast SEO plugin. -->","yoast_head_json":{"title":"Aviso Legal - Berkomat","robots":{"index":"index","follow":"follow","max-snippet":"max-snippet:-1","max-image-preview":"max-image-preview:large","max-video-preview":"max-video-preview:-1"},"canonical":"https:\/\/www.berkomat.com\/es\/aviso-legal\/","og_locale":"es_ES","og_type":"article","og_title":"Aviso Legal - Berkomat","og_description":"Informaci\u00f3n legal En cumplimiento de la normativa vigente le informamos que el dominio de internet www.berkomat.com es titularidad de Berkomat, S.L.U. (NIF: B20485157), con domicilio en P.I. Ugaldetxo, Calle Zuaznabar, 48, en 20180 Oiartzun (Gipuzkoa), tel\u00e9fono 943514854, correo electr\u00f3nico berkomat@berkomat.com, inscrita en el Registro Mercantil de Gipuzkoa, Tomo 1.427, Folio 151, Hoja SS-8458. Berkomat, S.L.U.","og_url":"https:\/\/www.berkomat.com\/es\/aviso-legal\/","og_site_name":"Berkomat","article_modified_time":"2023-03-31T15:20:13+00:00","twitter_card":"summary_large_image","twitter_misc":{"Tiempo de lectura":"6 minutos"},"schema":{"@context":"https:\/\/schema.org","@graph":[{"@type":"WebPage","@id":"https:\/\/www.berkomat.com\/es\/aviso-legal\/","url":"https:\/\/www.berkomat.com\/es\/aviso-legal\/","name":"Aviso Legal - Berkomat","isPartOf":{"@id":"https:\/\/www.berkomat.com\/es\/#website"},"datePublished":"2020-08-24T09:56:35+00:00","dateModified":"2023-03-31T15:20:13+00:00","breadcrumb":{"@id":"https:\/\/www.berkomat.com\/es\/aviso-legal\/#breadcrumb"},"inLanguage":"es","potentialAction":[{"@type":"ReadAction","target":["https:\/\/www.berkomat.com\/es\/aviso-legal\/"]}]},{"@type":"BreadcrumbList","@id":"https:\/\/www.berkomat.com\/es\/aviso-legal\/#breadcrumb","itemListElement":[{"@type":"ListItem","position":1,"name":"Portada","item":"https:\/\/www.berkomat.com\/es\/"},{"@type":"ListItem","position":2,"name":"Aviso Legal"}]},{"@type":"WebSite","@id":"https:\/\/www.berkomat.com\/es\/#website","url":"https:\/\/www.berkomat.com\/es\/","name":"Berkomat","description":"Componentes para la industria","potentialAction":[{"@type":"SearchAction","target":{"@type":"EntryPoint","urlTemplate":"https:\/\/www.berkomat.com\/es\/?s={search_term_string}"},"query-input":{"@type":"PropertyValueSpecification","valueRequired":true,"valueName":"search_term_string"}}],"inLanguage":"es"}]}},"_links":{"self":[{"href":"https:\/\/www.berkomat.com\/es\/wp-json\/wp\/v2\/pages\/2084","targetHints":{"allow":["GET"]}}],"collection":[{"href":"https:\/\/www.berkomat.com\/es\/wp-json\/wp\/v2\/pages"}],"about":[{"href":"https:\/\/www.berkomat.com\/es\/wp-json\/wp\/v2\/types\/page"}],"author":[{"embeddable":true,"href":"https:\/\/www.berkomat.com\/es\/wp-json\/wp\/v2\/users\/2"}],"replies":[{"embeddable":true,"href":"https:\/\/www.berkomat.com\/es\/wp-json\/wp\/v2\/comments?post=2084"}],"version-history":[{"count":5,"href":"https:\/\/www.berkomat.com\/es\/wp-json\/wp\/v2\/pages\/2084\/revisions"}],"predecessor-version":[{"id":16737,"href":"https:\/\/www.berkomat.com\/es\/wp-json\/wp\/v2\/pages\/2084\/revisions\/16737"}],"wp:attachment":[{"href":"https:\/\/www.berkomat.com\/es\/wp-json\/wp\/v2\/media?parent=2084"}],"curies":[{"name":"wp","href":"https:\/\/api.w.org\/{rel}","templated":true}]}}